{"id":1022,"date":"2023-11-02T18:54:40","date_gmt":"2023-11-02T16:54:40","guid":{"rendered":"http:\/\/jbarquitectura.cat\/kit-digital\/"},"modified":"2023-11-03T20:28:37","modified_gmt":"2023-11-03T18:28:37","slug":"kit-digital","status":"publish","type":"page","link":"https:\/\/jbarquitectura.cat\/es\/kit-digital\/","title":{"rendered":"Kit Digital"},"content":{"rendered":"<p>[et_pb_section fb_built=\u00bb1&#8243; fullwidth=\u00bbon\u00bb _builder_version=\u00bb4.23&#8243; _module_preset=\u00bbdefault\u00bb background_color=\u00bb#58657D\u00bb background_image=\u00bbhttp:\/\/jbarquitectura.cat\/wp-content\/uploads\/2023\/05\/nau_17.webp\u00bb background_blend=\u00bbmultiply\u00bb global_colors_info=\u00bb{}\u00bb][et_pb_fullwidth_post_title meta=\u00bboff\u00bb featured_image=\u00bboff\u00bb _builder_version=\u00bb4.21.0&#8243; _module_preset=\u00bbdefault\u00bb title_text_align=\u00bbcenter\u00bb title_text_color=\u00bb#FFFFFF\u00bb title_font_size=\u00bb34px\u00bb background_enable_color=\u00bboff\u00bb min_height=\u00bb300px\u00bb height=\u00bb300px\u00bb global_colors_info=\u00bb{}\u00bb][\/et_pb_fullwidth_post_title][\/et_pb_section][et_pb_section fb_built=\u00bb1&#8243; _builder_version=\u00bb4.23&#8243; _module_preset=\u00bbdefault\u00bb min_height=\u00bb700px\u00bb height=\u00bb700px\u00bb global_colors_info=\u00bb{}\u00bb][et_pb_row _builder_version=\u00bb4.23&#8243; _module_preset=\u00bbdefault\u00bb custom_margin=\u00bb5%||||false|false\u00bb global_colors_info=\u00bb{}\u00bb][et_pb_column type=\u00bb4_4&#8243; _builder_version=\u00bb4.23&#8243; _module_preset=\u00bbdefault\u00bb global_colors_info=\u00bb{}\u00bb][et_pb_text _builder_version=\u00bb4.23&#8243; _module_preset=\u00bbdefault\u00bb hover_enabled=\u00bb0&#8243; global_colors_info=\u00bb{}\u00bb sticky_enabled=\u00bb0&#8243;]<\/p>\n<p>Financiado por la Uni\u00f3 Europea \u2013 NextGenerationEU. Sin embargo, los puntos de vista y las opiniones expresadas son \u00fanicamente los del autor o autores y no reflejan necesariamente los de la Uni\u00f3n Europea o la Comisi\u00f3n Europea. Ni la Uni\u00f3n Europea ni la Comisi\u00f3n Europea pueden ser consideradas responsables de las mismas.<\/p>\n<p>[\/et_pb_text][\/et_pb_column][\/et_pb_row][et_pb_row _builder_version=\u00bb4.23&#8243; _module_preset=\u00bbdefault\u00bb global_colors_info=\u00bb{}\u00bb][et_pb_column type=\u00bb4_4&#8243; _builder_version=\u00bb4.23&#8243; _module_preset=\u00bbdefault\u00bb global_colors_info=\u00bb{}\u00bb][et_pb_image src=\u00bbhttp:\/\/jbarquitectura.cat\/wp-content\/uploads\/2023\/04\/Logos_kit.webp\u00bb alt=\u00bbKit Digital\u00bb title_text=\u00bbKit Digital\u00bb _builder_version=\u00bb4.23&#8243; _module_preset=\u00bbdefault\u00bb global_colors_info=\u00bb{}\u00bb][\/et_pb_image][\/et_pb_column][\/et_pb_row][\/et_pb_section]<\/p>\n","protected":false},"excerpt":{"rendered":"<p>Financiado por la Uni\u00f3 Europea \u2013 NextGenerationEU. Sin embargo, los puntos de vista y las opiniones expresadas son \u00fanicamente los del autor o autores y no reflejan necesariamente los de la Uni\u00f3n Europea o la Comisi\u00f3n Europea. Ni la Uni\u00f3n Europea ni la Comisi\u00f3n Europea pueden ser consideradas responsables de las mismas.<\/p>\n","protected":false},"author":1,"featured_media":0,"parent":0,"menu_order":0,"comment_status":"closed","ping_status":"closed","template":"","meta":{"_et_pb_use_builder":"on","_et_pb_old_content":"","_et_gb_content_width":"","inline_featured_image":false,"footnotes":""},"class_list":["post-1022","page","type-page","status-publish","hentry"],"yoast_head":"<!-- This site is optimized with the Yoast SEO plugin v24.8.1 - https:\/\/yoast.com\/wordpress\/plugins\/seo\/ -->\n<title>Kit Digital - JB Arquitectura<\/title>\n<meta name=\"robots\" content=\"noindex, follow\" \/>\n<meta property=\"og:locale\" content=\"es_ES\" \/>\n<meta property=\"og:type\" content=\"article\" \/>\n<meta property=\"og:title\" content=\"Kit Digital - JB Arquitectura\" \/>\n<meta property=\"og:description\" content=\"Financiado por la Uni\u00f3 Europea \u2013 NextGenerationEU. Sin embargo, los puntos de vista y las opiniones expresadas son \u00fanicamente los del autor o autores y no reflejan necesariamente los de la Uni\u00f3n Europea o la Comisi\u00f3n Europea. Ni la Uni\u00f3n Europea ni la Comisi\u00f3n Europea pueden ser consideradas responsables de las mismas.\" \/>\n<meta property=\"og:url\" content=\"https:\/\/jbarquitectura.cat\/es\/kit-digital\/\" \/>\n<meta property=\"og:site_name\" content=\"JB Arquitectura\" \/>\n<meta property=\"article:modified_time\" content=\"2023-11-03T18:28:37+00:00\" \/>\n<meta name=\"twitter:card\" content=\"summary_large_image\" \/>\n<meta name=\"twitter:label1\" content=\"Tiempo de lectura\" \/>\n\t<meta name=\"twitter:data1\" content=\"1 minuto\" \/>\n<script type=\"application\/ld+json\" class=\"yoast-schema-graph\">{\"@context\":\"https:\/\/schema.org\",\"@graph\":[{\"@type\":\"WebPage\",\"@id\":\"https:\/\/jbarquitectura.cat\/es\/kit-digital\/\",\"url\":\"https:\/\/jbarquitectura.cat\/es\/kit-digital\/\",\"name\":\"Kit Digital - JB Arquitectura\",\"isPartOf\":{\"@id\":\"https:\/\/jbarquitectura.cat\/es\/#website\"},\"datePublished\":\"2023-11-02T16:54:40+00:00\",\"dateModified\":\"2023-11-03T18:28:37+00:00\",\"breadcrumb\":{\"@id\":\"https:\/\/jbarquitectura.cat\/es\/kit-digital\/#breadcrumb\"},\"inLanguage\":\"es\",\"potentialAction\":[{\"@type\":\"ReadAction\",\"target\":[\"https:\/\/jbarquitectura.cat\/es\/kit-digital\/\"]}]},{\"@type\":\"BreadcrumbList\",\"@id\":\"https:\/\/jbarquitectura.cat\/es\/kit-digital\/#breadcrumb\",\"itemListElement\":[{\"@type\":\"ListItem\",\"position\":1,\"name\":\"Inici\",\"item\":\"https:\/\/jbarquitectura.cat\/es\/\"},{\"@type\":\"ListItem\",\"position\":2,\"name\":\"Kit Digital\"}]},{\"@type\":\"WebSite\",\"@id\":\"https:\/\/jbarquitectura.cat\/es\/#website\",\"url\":\"https:\/\/jbarquitectura.cat\/es\/\",\"name\":\"JB Arquitectura\",\"description\":\"\",\"publisher\":{\"@id\":\"https:\/\/jbarquitectura.cat\/es\/#organization\"},\"potentialAction\":[{\"@type\":\"SearchAction\",\"target\":{\"@type\":\"EntryPoint\",\"urlTemplate\":\"https:\/\/jbarquitectura.cat\/es\/?s={search_term_string}\"},\"query-input\":{\"@type\":\"PropertyValueSpecification\",\"valueRequired\":true,\"valueName\":\"search_term_string\"}}],\"inLanguage\":\"es\"},{\"@type\":\"Organization\",\"@id\":\"https:\/\/jbarquitectura.cat\/es\/#organization\",\"name\":\"JB Arquitectura\",\"url\":\"https:\/\/jbarquitectura.cat\/es\/\",\"logo\":{\"@type\":\"ImageObject\",\"inLanguage\":\"es\",\"@id\":\"https:\/\/jbarquitectura.cat\/es\/#\/schema\/logo\/image\/\",\"url\":\"http:\/\/jbarquitectura.cat\/wp-content\/uploads\/2023\/05\/JBarquitectura_2.svg\",\"contentUrl\":\"http:\/\/jbarquitectura.cat\/wp-content\/uploads\/2023\/05\/JBarquitectura_2.svg\",\"width\":300,\"height\":53,\"caption\":\"JB Arquitectura\"},\"image\":{\"@id\":\"https:\/\/jbarquitectura.cat\/es\/#\/schema\/logo\/image\/\"}}]}<\/script>\n<!-- \/ Yoast SEO plugin. -->","yoast_head_json":{"title":"Kit Digital - JB Arquitectura","robots":{"index":"noindex","follow":"follow"},"og_locale":"es_ES","og_type":"article","og_title":"Kit Digital - JB Arquitectura","og_description":"Financiado por la Uni\u00f3 Europea \u2013 NextGenerationEU. Sin embargo, los puntos de vista y las opiniones expresadas son \u00fanicamente los del autor o autores y no reflejan necesariamente los de la Uni\u00f3n Europea o la Comisi\u00f3n Europea. Ni la Uni\u00f3n Europea ni la Comisi\u00f3n Europea pueden ser consideradas responsables de las mismas.","og_url":"https:\/\/jbarquitectura.cat\/es\/kit-digital\/","og_site_name":"JB Arquitectura","article_modified_time":"2023-11-03T18:28:37+00:00","twitter_card":"summary_large_image","twitter_misc":{"Tiempo de lectura":"1 minuto"},"schema":{"@context":"https:\/\/schema.org","@graph":[{"@type":"WebPage","@id":"https:\/\/jbarquitectura.cat\/es\/kit-digital\/","url":"https:\/\/jbarquitectura.cat\/es\/kit-digital\/","name":"Kit Digital - JB Arquitectura","isPartOf":{"@id":"https:\/\/jbarquitectura.cat\/es\/#website"},"datePublished":"2023-11-02T16:54:40+00:00","dateModified":"2023-11-03T18:28:37+00:00","breadcrumb":{"@id":"https:\/\/jbarquitectura.cat\/es\/kit-digital\/#breadcrumb"},"inLanguage":"es","potentialAction":[{"@type":"ReadAction","target":["https:\/\/jbarquitectura.cat\/es\/kit-digital\/"]}]},{"@type":"BreadcrumbList","@id":"https:\/\/jbarquitectura.cat\/es\/kit-digital\/#breadcrumb","itemListElement":[{"@type":"ListItem","position":1,"name":"Inici","item":"https:\/\/jbarquitectura.cat\/es\/"},{"@type":"ListItem","position":2,"name":"Kit Digital"}]},{"@type":"WebSite","@id":"https:\/\/jbarquitectura.cat\/es\/#website","url":"https:\/\/jbarquitectura.cat\/es\/","name":"JB Arquitectura","description":"","publisher":{"@id":"https:\/\/jbarquitectura.cat\/es\/#organization"},"potentialAction":[{"@type":"SearchAction","target":{"@type":"EntryPoint","urlTemplate":"https:\/\/jbarquitectura.cat\/es\/?s={search_term_string}"},"query-input":{"@type":"PropertyValueSpecification","valueRequired":true,"valueName":"search_term_string"}}],"inLanguage":"es"},{"@type":"Organization","@id":"https:\/\/jbarquitectura.cat\/es\/#organization","name":"JB Arquitectura","url":"https:\/\/jbarquitectura.cat\/es\/","logo":{"@type":"ImageObject","inLanguage":"es","@id":"https:\/\/jbarquitectura.cat\/es\/#\/schema\/logo\/image\/","url":"http:\/\/jbarquitectura.cat\/wp-content\/uploads\/2023\/05\/JBarquitectura_2.svg","contentUrl":"http:\/\/jbarquitectura.cat\/wp-content\/uploads\/2023\/05\/JBarquitectura_2.svg","width":300,"height":53,"caption":"JB Arquitectura"},"image":{"@id":"https:\/\/jbarquitectura.cat\/es\/#\/schema\/logo\/image\/"}}]}},"_links":{"self":[{"href":"https:\/\/jbarquitectura.cat\/es\/wp-json\/wp\/v2\/pages\/1022","targetHints":{"allow":["GET"]}}],"collection":[{"href":"https:\/\/jbarquitectura.cat\/es\/wp-json\/wp\/v2\/pages"}],"about":[{"href":"https:\/\/jbarquitectura.cat\/es\/wp-json\/wp\/v2\/types\/page"}],"author":[{"embeddable":true,"href":"https:\/\/jbarquitectura.cat\/es\/wp-json\/wp\/v2\/users\/1"}],"replies":[{"embeddable":true,"href":"https:\/\/jbarquitectura.cat\/es\/wp-json\/wp\/v2\/comments?post=1022"}],"version-history":[{"count":3,"href":"https:\/\/jbarquitectura.cat\/es\/wp-json\/wp\/v2\/pages\/1022\/revisions"}],"predecessor-version":[{"id":1156,"href":"https:\/\/jbarquitectura.cat\/es\/wp-json\/wp\/v2\/pages\/1022\/revisions\/1156"}],"wp:attachment":[{"href":"https:\/\/jbarquitectura.cat\/es\/wp-json\/wp\/v2\/media?parent=1022"}],"curies":[{"name":"wp","href":"https:\/\/api.w.org\/{rel}","templated":true}]}}