{"id":1042,"date":"2023-05-09T11:30:46","date_gmt":"2023-05-09T09:30:46","guid":{"rendered":"http:\/\/jbarquitectura.cat\/nosotros\/"},"modified":"2023-11-02T21:12:43","modified_gmt":"2023-11-02T19:12:43","slug":"nosotros","status":"publish","type":"page","link":"https:\/\/jbarquitectura.cat\/es\/nosotros\/","title":{"rendered":"Nosotros"},"content":{"rendered":"\n[et_pb_section fb_built=\u00bb1&#8243; fullwidth=\u00bbon\u00bb _builder_version=\u00bb4.21.0&#8243; _module_preset=\u00bbdefault\u00bb background_color=\u00bb#58657D\u00bb background_image=\u00bbhttp:\/\/jbarquitectura.cat\/wp-content\/uploads\/2023\/05\/nosaltres.webp\u00bb background_blend=\u00bbmultiply\u00bb hover_enabled=\u00bb0&#8243; global_colors_info=\u00bb{}\u00bb sticky_enabled=\u00bb0&#8243; alt=\u00bbNosaltres\u00bb title_text=\u00bbNosaltres\u00bb][et_pb_fullwidth_post_title meta=\u00bboff\u00bb featured_image=\u00bboff\u00bb _builder_version=\u00bb4.21.0&#8243; _module_preset=\u00bbdefault\u00bb title_text_align=\u00bbcenter\u00bb title_text_color=\u00bb#FFFFFF\u00bb title_font_size=\u00bb34px\u00bb background_enable_color=\u00bboff\u00bb min_height=\u00bb300px\u00bb height=\u00bb300px\u00bb global_colors_info=\u00bb{}\u00bb][\/et_pb_fullwidth_post_title][\/et_pb_section][et_pb_section fb_built=\u00bb1&#8243; _builder_version=\u00bb4.21.0&#8243; _module_preset=\u00bbdefault\u00bb global_colors_info=\u00bb{}\u00bb][et_pb_row column_structure=\u00bb1_2,1_2&#8243; _builder_version=\u00bb4.21.0&#8243; _module_preset=\u00bbdefault\u00bb global_colors_info=\u00bb{}\u00bb][et_pb_column type=\u00bb1_2&#8243; _builder_version=\u00bb4.21.0&#8243; _module_preset=\u00bbdefault\u00bb global_colors_info=\u00bb{}\u00bb][et_pb_image src=\u00bbhttp:\/\/jbarquitectura.cat\/wp-content\/uploads\/2023\/05\/despatx.webp\u00bb alt=\u00bbJB Arquitectura\u00bb title_text=\u00bbJB Arquitectura\u00bb show_in_lightbox=\u00bbon\u00bb _builder_version=\u00bb4.21.0&#8243; _module_preset=\u00bbdefault\u00bb global_colors_info=\u00bb{}\u00bb][\/et_pb_image][\/et_pb_column][et_pb_column type=\u00bb1_2&#8243; _builder_version=\u00bb4.21.0&#8243; _module_preset=\u00bbdefault\u00bb global_colors_info=\u00bb{}\u00bb][et_pb_text _builder_version=\u00bb4.21.0&#8243; _module_preset=\u00bbdefault\u00bb global_colors_info=\u00bb{}\u00bb]<h2 style=\"text-align: left;\">JB Arquitectura<\/h2>[\/et_pb_text][et_pb_divider color=\u00bb#B53C17&#8243; divider_weight=\u00bb3px\u00bb _builder_version=\u00bb4.21.0&#8243; _module_preset=\u00bbdefault\u00bb width=\u00bb30px\u00bb module_alignment=\u00bbleft\u00bb custom_margin=\u00bb-30px||||false|false\u00bb global_colors_info=\u00bb{}\u00bb][\/et_pb_divider][et_pb_text _builder_version=\u00bb4.21.0&#8243; _module_preset=\u00bbdefault\u00bb global_colors_info=\u00bb{}\u00bb]<p style=\"text-align: justify;\">JB es un reconocido despacho de arquitectura compuesto por un equipo de profesionales y colaboradores dedicados a la creaci\u00f3n de proyectos de gran diversidad y dise\u00f1os innovadores. Con una actitud seria y comprometida, nos especializamos en proyectos de todo tipo, desde peque\u00f1as ampliaciones y reformas hasta grandes nuevas construcciones. Nuestro \u00e1mbito de actuaci\u00f3n incluye \u00e1reas como viviendas, residenciales, industria, remodelaci\u00f3n de tiendas, interiorismo, oficinas, entre otros.<\/p>\n<p style=\"text-align: justify;\">En nuestro despacho, damos prioridad al dise\u00f1o con una perspectiva sostenible, respetando al m\u00e1ximo el medio ambiente y buscando la integraci\u00f3n armoniosa, ecolog\u00eda y eficiencia econ\u00f3mica en cada proyecto. Nuestra completa dedicaci\u00f3n al estudio y dise\u00f1o de cada encargo, acompa\u00f1ada de un asesoramiento personalizado, nos permite encontrar las mejores soluciones para cada caso espec\u00edfico.<\/p>\n<p style=\"text-align: justify;\">Con m\u00e1s de 40 a\u00f1os inmersos en el entorno de la monta\u00f1a y m\u00e1s de 26 a\u00f1os de experiencia profesional en la arquitectura, contamos con un excepcional bagaje para la creaci\u00f3n de proyectos en este entorno tan especial. Hemos desarrollado trabajos como refugios de alta monta\u00f1a dentro de Parques Nacionales y casas rurales autosuficientes, adapt\u00e1ndonos a las condiciones \u00fanicas que estas ubicaciones requieren.<\/p>\n<p style=\"text-align: justify;\">Estamos a su disposici\u00f3n para ofrecerle una amplia gama de servicios, incluyendo proyectos, informes, peritaciones y consultor\u00eda. No dude en contactarnos para cualquier necesidad o consulta que tenga.<\/p>\n<p style=\"text-align: justify;\">Nuestra misi\u00f3n es ayudarle a definir y materializar sus sue\u00f1os, incluso cuando encuentre dif\u00edcil identificarlos. Nos comprometemos a convertir a nuestros clientes en amigos para siempre, brindando un servicio de calidad que supera las expectativas y crea una relaci\u00f3n duradera basada en la confianza.<\/p>\n<p style=\"text-align: justify;\">Con JB Arquitectura, su visi\u00f3n se convierte en una realidad arquitect\u00f3nica duradera.<\/p>[\/et_pb_text][\/et_pb_column][\/et_pb_row][\/et_pb_section]\n","protected":false},"excerpt":{"rendered":"<p>JB ArquitecturaJB es un reconocido despacho de arquitectura compuesto por un equipo de profesionales y colaboradores dedicados a la creaci\u00f3n de proyectos de gran diversidad y dise\u00f1os innovadores. Con una actitud seria y comprometida, nos especializamos en proyectos de todo tipo, desde peque\u00f1as ampliaciones y reformas hasta grandes nuevas construcciones. Nuestro \u00e1mbito de actuaci\u00f3n incluye [&hellip;]<\/p>\n","protected":false},"author":1,"featured_media":0,"parent":0,"menu_order":0,"comment_status":"closed","ping_status":"closed","template":"","meta":{"_et_pb_use_builder":"on","_et_pb_old_content":"","_et_gb_content_width":"","inline_featured_image":false,"footnotes":""},"class_list":["post-1042","page","type-page","status-publish","hentry"],"yoast_head":"<!-- This site is optimized with the Yoast SEO plugin v24.8.1 - https:\/\/yoast.com\/wordpress\/plugins\/seo\/ -->\n<title>Nosotros - JB Arquitectura<\/title>\n<meta name=\"robots\" content=\"index, follow, max-snippet:-1, max-image-preview:large, max-video-preview:-1\" \/>\n<link rel=\"canonical\" href=\"https:\/\/jbarquitectura.cat\/es\/nosotros\/\" \/>\n<meta property=\"og:locale\" content=\"es_ES\" \/>\n<meta property=\"og:type\" content=\"article\" \/>\n<meta property=\"og:title\" content=\"Nosotros - JB Arquitectura\" \/>\n<meta property=\"og:description\" content=\"JB ArquitecturaJB es un reconocido despacho de arquitectura compuesto por un equipo de profesionales y colaboradores dedicados a la creaci\u00f3n de proyectos de gran diversidad y dise\u00f1os innovadores. Con una actitud seria y comprometida, nos especializamos en proyectos de todo tipo, desde peque\u00f1as ampliaciones y reformas hasta grandes nuevas construcciones. Nuestro \u00e1mbito de actuaci\u00f3n incluye [&hellip;]\" \/>\n<meta property=\"og:url\" content=\"https:\/\/jbarquitectura.cat\/es\/nosotros\/\" \/>\n<meta property=\"og:site_name\" content=\"JB Arquitectura\" \/>\n<meta property=\"article:modified_time\" content=\"2023-11-02T19:12:43+00:00\" \/>\n<meta name=\"twitter:card\" content=\"summary_large_image\" \/>\n<meta name=\"twitter:label1\" content=\"Tiempo de lectura\" \/>\n\t<meta name=\"twitter:data1\" content=\"3 minutos\" \/>\n<script type=\"application\/ld+json\" class=\"yoast-schema-graph\">{\"@context\":\"https:\/\/schema.org\",\"@graph\":[{\"@type\":\"WebPage\",\"@id\":\"https:\/\/jbarquitectura.cat\/es\/nosotros\/\",\"url\":\"https:\/\/jbarquitectura.cat\/es\/nosotros\/\",\"name\":\"Nosotros - JB Arquitectura\",\"isPartOf\":{\"@id\":\"https:\/\/jbarquitectura.cat\/es\/#website\"},\"datePublished\":\"2023-05-09T09:30:46+00:00\",\"dateModified\":\"2023-11-02T19:12:43+00:00\",\"breadcrumb\":{\"@id\":\"https:\/\/jbarquitectura.cat\/es\/nosotros\/#breadcrumb\"},\"inLanguage\":\"es\",\"potentialAction\":[{\"@type\":\"ReadAction\",\"target\":[\"https:\/\/jbarquitectura.cat\/es\/nosotros\/\"]}]},{\"@type\":\"BreadcrumbList\",\"@id\":\"https:\/\/jbarquitectura.cat\/es\/nosotros\/#breadcrumb\",\"itemListElement\":[{\"@type\":\"ListItem\",\"position\":1,\"name\":\"Inici\",\"item\":\"https:\/\/jbarquitectura.cat\/es\/\"},{\"@type\":\"ListItem\",\"position\":2,\"name\":\"Nosotros\"}]},{\"@type\":\"WebSite\",\"@id\":\"https:\/\/jbarquitectura.cat\/es\/#website\",\"url\":\"https:\/\/jbarquitectura.cat\/es\/\",\"name\":\"JB Arquitectura\",\"description\":\"\",\"publisher\":{\"@id\":\"https:\/\/jbarquitectura.cat\/es\/#organization\"},\"potentialAction\":[{\"@type\":\"SearchAction\",\"target\":{\"@type\":\"EntryPoint\",\"urlTemplate\":\"https:\/\/jbarquitectura.cat\/es\/?s={search_term_string}\"},\"query-input\":{\"@type\":\"PropertyValueSpecification\",\"valueRequired\":true,\"valueName\":\"search_term_string\"}}],\"inLanguage\":\"es\"},{\"@type\":\"Organization\",\"@id\":\"https:\/\/jbarquitectura.cat\/es\/#organization\",\"name\":\"JB Arquitectura\",\"url\":\"https:\/\/jbarquitectura.cat\/es\/\",\"logo\":{\"@type\":\"ImageObject\",\"inLanguage\":\"es\",\"@id\":\"https:\/\/jbarquitectura.cat\/es\/#\/schema\/logo\/image\/\",\"url\":\"http:\/\/jbarquitectura.cat\/wp-content\/uploads\/2023\/05\/JBarquitectura_2.svg\",\"contentUrl\":\"http:\/\/jbarquitectura.cat\/wp-content\/uploads\/2023\/05\/JBarquitectura_2.svg\",\"width\":300,\"height\":53,\"caption\":\"JB Arquitectura\"},\"image\":{\"@id\":\"https:\/\/jbarquitectura.cat\/es\/#\/schema\/logo\/image\/\"}}]}<\/script>\n<!-- \/ Yoast SEO plugin. -->","yoast_head_json":{"title":"Nosotros - JB Arquitectura","robots":{"index":"index","follow":"follow","max-snippet":"max-snippet:-1","max-image-preview":"max-image-preview:large","max-video-preview":"max-video-preview:-1"},"canonical":"https:\/\/jbarquitectura.cat\/es\/nosotros\/","og_locale":"es_ES","og_type":"article","og_title":"Nosotros - JB Arquitectura","og_description":"JB ArquitecturaJB es un reconocido despacho de arquitectura compuesto por un equipo de profesionales y colaboradores dedicados a la creaci\u00f3n de proyectos de gran diversidad y dise\u00f1os innovadores. Con una actitud seria y comprometida, nos especializamos en proyectos de todo tipo, desde peque\u00f1as ampliaciones y reformas hasta grandes nuevas construcciones. Nuestro \u00e1mbito de actuaci\u00f3n incluye [&hellip;]","og_url":"https:\/\/jbarquitectura.cat\/es\/nosotros\/","og_site_name":"JB Arquitectura","article_modified_time":"2023-11-02T19:12:43+00:00","twitter_card":"summary_large_image","twitter_misc":{"Tiempo de lectura":"3 minutos"},"schema":{"@context":"https:\/\/schema.org","@graph":[{"@type":"WebPage","@id":"https:\/\/jbarquitectura.cat\/es\/nosotros\/","url":"https:\/\/jbarquitectura.cat\/es\/nosotros\/","name":"Nosotros - JB Arquitectura","isPartOf":{"@id":"https:\/\/jbarquitectura.cat\/es\/#website"},"datePublished":"2023-05-09T09:30:46+00:00","dateModified":"2023-11-02T19:12:43+00:00","breadcrumb":{"@id":"https:\/\/jbarquitectura.cat\/es\/nosotros\/#breadcrumb"},"inLanguage":"es","potentialAction":[{"@type":"ReadAction","target":["https:\/\/jbarquitectura.cat\/es\/nosotros\/"]}]},{"@type":"BreadcrumbList","@id":"https:\/\/jbarquitectura.cat\/es\/nosotros\/#breadcrumb","itemListElement":[{"@type":"ListItem","position":1,"name":"Inici","item":"https:\/\/jbarquitectura.cat\/es\/"},{"@type":"ListItem","position":2,"name":"Nosotros"}]},{"@type":"WebSite","@id":"https:\/\/jbarquitectura.cat\/es\/#website","url":"https:\/\/jbarquitectura.cat\/es\/","name":"JB Arquitectura","description":"","publisher":{"@id":"https:\/\/jbarquitectura.cat\/es\/#organization"},"potentialAction":[{"@type":"SearchAction","target":{"@type":"EntryPoint","urlTemplate":"https:\/\/jbarquitectura.cat\/es\/?s={search_term_string}"},"query-input":{"@type":"PropertyValueSpecification","valueRequired":true,"valueName":"search_term_string"}}],"inLanguage":"es"},{"@type":"Organization","@id":"https:\/\/jbarquitectura.cat\/es\/#organization","name":"JB Arquitectura","url":"https:\/\/jbarquitectura.cat\/es\/","logo":{"@type":"ImageObject","inLanguage":"es","@id":"https:\/\/jbarquitectura.cat\/es\/#\/schema\/logo\/image\/","url":"http:\/\/jbarquitectura.cat\/wp-content\/uploads\/2023\/05\/JBarquitectura_2.svg","contentUrl":"http:\/\/jbarquitectura.cat\/wp-content\/uploads\/2023\/05\/JBarquitectura_2.svg","width":300,"height":53,"caption":"JB Arquitectura"},"image":{"@id":"https:\/\/jbarquitectura.cat\/es\/#\/schema\/logo\/image\/"}}]}},"_links":{"self":[{"href":"https:\/\/jbarquitectura.cat\/es\/wp-json\/wp\/v2\/pages\/1042","targetHints":{"allow":["GET"]}}],"collection":[{"href":"https:\/\/jbarquitectura.cat\/es\/wp-json\/wp\/v2\/pages"}],"about":[{"href":"https:\/\/jbarquitectura.cat\/es\/wp-json\/wp\/v2\/types\/page"}],"author":[{"embeddable":true,"href":"https:\/\/jbarquitectura.cat\/es\/wp-json\/wp\/v2\/users\/1"}],"replies":[{"embeddable":true,"href":"https:\/\/jbarquitectura.cat\/es\/wp-json\/wp\/v2\/comments?post=1042"}],"version-history":[{"count":1,"href":"https:\/\/jbarquitectura.cat\/es\/wp-json\/wp\/v2\/pages\/1042\/revisions"}],"predecessor-version":[{"id":1043,"href":"https:\/\/jbarquitectura.cat\/es\/wp-json\/wp\/v2\/pages\/1042\/revisions\/1043"}],"wp:attachment":[{"href":"https:\/\/jbarquitectura.cat\/es\/wp-json\/wp\/v2\/media?parent=1042"}],"curies":[{"name":"wp","href":"https:\/\/api.w.org\/{rel}","templated":true}]}}