{"id":1097,"date":"2023-05-12T19:22:31","date_gmt":"2023-05-12T17:22:31","guid":{"rendered":"http:\/\/jbarquitectura.cat\/politica-de-cookies\/"},"modified":"2023-11-03T20:15:36","modified_gmt":"2023-11-03T18:15:36","slug":"politica-de-cookies","status":"publish","type":"page","link":"https:\/\/jbarquitectura.cat\/es\/politica-de-cookies\/","title":{"rendered":"Pol\u00edtica de Cookies"},"content":{"rendered":"<p>[et_pb_section fb_built=\u00bb1&#8243; fullwidth=\u00bbon\u00bb _builder_version=\u00bb4.21.0&#8243; _module_preset=\u00bbdefault\u00bb background_color=\u00bb#58657D\u00bb background_image=\u00bbhttp:\/\/jbarquitectura.cat\/wp-content\/uploads\/2023\/05\/nau_12.webp\u00bb background_blend=\u00bbmultiply\u00bb global_colors_info=\u00bb{}\u00bb][et_pb_fullwidth_post_title meta=\u00bboff\u00bb featured_image=\u00bboff\u00bb _builder_version=\u00bb4.21.0&#8243; _module_preset=\u00bbdefault\u00bb title_text_align=\u00bbcenter\u00bb title_text_color=\u00bb#FFFFFF\u00bb title_font_size=\u00bb34px\u00bb background_enable_color=\u00bboff\u00bb min_height=\u00bb300px\u00bb height=\u00bb300px\u00bb global_colors_info=\u00bb{}\u00bb][\/et_pb_fullwidth_post_title][\/et_pb_section][et_pb_section fb_built=\u00bb1&#8243; _builder_version=\u00bb4.21.0&#8243; _module_preset=\u00bbdefault\u00bb global_colors_info=\u00bb{}\u00bb][et_pb_row column_structure=\u00bb1_3,2_3&#8243; _builder_version=\u00bb4.21.0&#8243; _module_preset=\u00bbdefault\u00bb global_colors_info=\u00bb{}\u00bb][et_pb_column type=\u00bb1_3&#8243; _builder_version=\u00bb4.21.0&#8243; _module_preset=\u00bbdefault\u00bb global_colors_info=\u00bb{}\u00bb][et_pb_text _builder_version=\u00bb4.21.0&#8243; _module_preset=\u00bbdefault\u00bb global_colors_info=\u00bb{}\u00bb]<\/p>\n<h4>1. ANTECEDENTES<\/h4>\n<p>[\/et_pb_text][\/et_pb_column][et_pb_column type=\u00bb2_3&#8243; _builder_version=\u00bb4.21.0&#8243; _module_preset=\u00bbdefault\u00bb global_colors_info=\u00bb{}\u00bb][et_pb_text _builder_version=\u00bb4.21.0&#8243; _module_preset=\u00bbdefault\u00bb global_colors_info=\u00bb{}\u00bb]<\/p>\n<p style=\"text-align: justify;\">Conforme a la normativa espa\u00f1ola que regula el uso de cookies en relaci\u00f3n a la prestaci\u00f3n de servicios de comunicaciones electr\u00f3nicas, recogida en el Real Decreto Ley 13\/2012 de 30 de marzo, le informamos sobre las cookies utilizadas en el sitio web de jbarquitectura.cat ( tambi\u00e9n el prestamista) y el motivo de su uso. Asimismo, le informa que al navegar en el Sitio Web usted est\u00e1 prestando su consentimiento para poder utilizarlas.<\/p>\n<p>[\/et_pb_text][\/et_pb_column][\/et_pb_row][et_pb_row column_structure=\u00bb1_3,2_3&#8243; _builder_version=\u00bb4.21.0&#8243; _module_preset=\u00bbdefault\u00bb global_colors_info=\u00bb{}\u00bb][et_pb_column type=\u00bb1_3&#8243; _builder_version=\u00bb4.21.0&#8243; _module_preset=\u00bbdefault\u00bb global_colors_info=\u00bb{}\u00bb][et_pb_text _builder_version=\u00bb4.21.0&#8243; _module_preset=\u00bbdefault\u00bb global_colors_info=\u00bb{}\u00bb]<\/p>\n<h4>2. \u00bfQU\u00c9 SON LAS COOKIES?<\/h4>\n<p>[\/et_pb_text][\/et_pb_column][et_pb_column type=\u00bb2_3&#8243; _builder_version=\u00bb4.21.0&#8243; _module_preset=\u00bbdefault\u00bb global_colors_info=\u00bb{}\u00bb][et_pb_text _builder_version=\u00bb4.21.0&#8243; _module_preset=\u00bbdefault\u00bb global_colors_info=\u00bb{}\u00bb]<\/p>\n<p style=\"text-align: justify;\">Una cookie es un archivo que se descarga en su ordenador al acceder a determinadas p\u00e1ginas web. Las cookies permiten a una p\u00e1gina web, entre otras cosas como mantener una sesi\u00f3n abierta, almacenar y recuperar informaci\u00f3n sobre las preferencias de navegaci\u00f3n de un usuario o de su equipo y, dependiendo de la informaci\u00f3n que contengan y de la forma en que utilice su equipo, se pueden utilizar para reconocer a un usuario que ya ha accedido a la web. Las cookies se asocian \u00fanicamente a un usuario an\u00f3nimo y su ordenador o dispositivo y no proporcionan referencias que permitan conocer sus datos personales.<\/p>\n<p>[\/et_pb_text][\/et_pb_column][\/et_pb_row][et_pb_row column_structure=\u00bb1_3,2_3&#8243; _builder_version=\u00bb4.21.0&#8243; _module_preset=\u00bbdefault\u00bb global_colors_info=\u00bb{}\u00bb][et_pb_column type=\u00bb1_3&#8243; _builder_version=\u00bb4.21.0&#8243; _module_preset=\u00bbdefault\u00bb global_colors_info=\u00bb{}\u00bb][et_pb_text _builder_version=\u00bb4.21.0&#8243; _module_preset=\u00bbdefault\u00bb global_colors_info=\u00bb{}\u00bb]<\/p>\n<h4>3. COOKIES AFECTADES PER LA NORMATIVA I COOKIES EXEMPTES<\/h4>\n<p>[\/et_pb_text][\/et_pb_column][et_pb_column type=\u00bb2_3&#8243; _builder_version=\u00bb4.21.0&#8243; _module_preset=\u00bbdefault\u00bb global_colors_info=\u00bb{}\u00bb][et_pb_text _builder_version=\u00bb4.21.0&#8243; _module_preset=\u00bbdefault\u00bb global_colors_info=\u00bb{}\u00bb]<\/p>\n<p style=\"text-align: justify;\">Seg\u00fan la directiva de la UE, las cookies que requieren el consentimiento informado por parte del usuario son las cookies de anal\u00edtica y las de publicidad y afiliaci\u00f3n, quedando exceptuadas las de car\u00e1cter t\u00e9cnico y las necesarias para el funcionamiento del sitio web o la prestaci\u00f3n de servicios expresamente solicitados por el usuario.<\/p>\n<p style=\"text-align: justify;\"><strong>3.1. Tipo de cookies<\/strong><\/p>\n<ol style=\"text-align: justify;\">\n<li>Seg\u00fan la entidad que las gestione, existen cookies propias (aquellas que se env\u00edan al equipo terminal del usuario desde un equipo o dominio gestionado por el propio editor y desde el que se presta el servicio solicitado por el usuario) y de terceros (las que se env\u00edan al equipo terminal del usuario desde un equipo o dominio que no es gestionado por el editor, sino por otra entidad que trata los datos obtenidos mediante los cookies).<\/li>\n<li>Seg\u00fan el tiempo que permanecen activas, est\u00e1n las de sesi\u00f3n (dise\u00f1adas para pedir y almacenar datos mientras el usuario accede a una p\u00e1gina web) y las persistentes (en las que los datos se almacenan en el terminal y pueden ser accedidos y tratados durante un per\u00edodo definido por el responsable de la cookie puede ir de unos minutos a varios a\u00f1os).<\/li>\n<li>Seg\u00fan la finalidad para la que tratan la informaci\u00f3n que recopilan, pueden ser:<\/li>\n<\/ol>\n<ul style=\"text-align: justify;\">\n<li><strong>Cookies t\u00e9cnicas<\/strong> (necesarias para el uso de la web y la prestaci\u00f3n del servicio contratado)<\/li>\n<li><strong>Cookies de personalizaci\u00f3n<\/strong> (que permiten al usuario acceder al servicio con caracter\u00edsticas predefinidas, como el idioma, el tipo de navegador, la configuraci\u00f3n regional, etc.)<\/li>\n<li><strong>Cookies de an\u00e1lisis<\/strong> (recojen informaci\u00f3n del uso que se hace de la web)<\/li>\n<li><strong>Cookies publicitarias<\/strong> (recogen informaci\u00f3n sobre las preferencias y elecciones personales de los usuarios)<\/li>\n<li><strong>Cookies de afiliados<\/strong> (permiten realizar un seguimiento de las visitas procedentes de otras webs, con las que el sitio web establece un contrato de afiliaci\u00f3n).<\/li>\n<\/ul>\n<p style=\"text-align: justify;\"><strong>3.2. Cookies exentas:<\/strong><\/p>\n<ul style=\"text-align: justify;\">\n<li>Las que s\u00f3lo permiten la comunicaci\u00f3n entre el equipo del usuario y la red.<\/li>\n<li>Las estrictamente necesarias para prestar un servicio expresamente solicitado por el usuario.<\/li>\n<\/ul>\n<p style=\"text-align: justify;\">Asimismo, el GT29, en su Dictamen 4\/201210, ha interpretado que entre las cookies exceptuadas estar\u00edan aquellas que tienen por finalidad:<\/p>\n<ul>\n<li style=\"text-align: justify;\"><strong>Cookies de entrada del usuario<\/strong> (Las cookies de sesi\u00f3n y de entrada de usuario se suelen utilizar para rastrear las acciones del usuario al llenar los formularios online en varias p\u00e1ginas, o como cesta de la compra para hacer el seguimiento de los art\u00edculos que el usuario ha seleccionado al pulsar un bot\u00f3n)<\/li>\n<li style=\"text-align: justify;\"><strong>Cookies de autenticaci\u00f3n<\/strong> o identificaci\u00f3n de usuario (\u00fanicamente de sesi\u00f3n).<\/li>\n<li style=\"text-align: justify;\"><strong>Cookies de seguridad del usuario<\/strong> (por ejemplo, las cookies utilizadas para detectar intentos err\u00f3neos y reiterados de conexi\u00f3n a un sitio web)<\/li>\n<li style=\"text-align: justify;\"><strong>Cookies de sesi\u00f3n de reproductor multimedia.<\/strong><\/li>\n<li style=\"text-align: justify;\"><strong>Cookies de sesi\u00f3n para equilibrar la carga.<\/strong><\/li>\n<li style=\"text-align: justify;\"><strong>Cookies de personalizaci\u00f3n<\/strong> de la interfaz de usuario.<\/li>\n<li style=\"text-align: justify;\">Determinadas <strong>cookies de complemento<\/strong> (plug-in) para intercambiar contenidos sociales (la excepci\u00f3n s\u00f3lo se aplica para usuarios que han decidido mantener la sesi\u00f3n abierta)<\/li>\n<\/ul>\n<p>[\/et_pb_text][\/et_pb_column][\/et_pb_row][et_pb_row column_structure=\u00bb1_3,2_3&#8243; _builder_version=\u00bb4.21.0&#8243; _module_preset=\u00bbdefault\u00bb global_colors_info=\u00bb{}\u00bb][et_pb_column type=\u00bb1_3&#8243; _builder_version=\u00bb4.21.0&#8243; _module_preset=\u00bbdefault\u00bb global_colors_info=\u00bb{}\u00bb][et_pb_text _builder_version=\u00bb4.21.0&#8243; _module_preset=\u00bbdefault\u00bb global_colors_info=\u00bb{}\u00bb]<\/p>\n<h4>4. TIPO DE COOKIES UTILIZADAS PARA ESTE SITIO WEB<\/h4>\n<p>[\/et_pb_text][\/et_pb_column][et_pb_column type=\u00bb2_3&#8243; _builder_version=\u00bb4.21.0&#8243; _module_preset=\u00bbdefault\u00bb global_colors_info=\u00bb{}\u00bb][et_pb_code _builder_version=\u00bb4.23&#8243; _module_preset=\u00bbdefault\u00bb hover_enabled=\u00bb0&#8243; sticky_enabled=\u00bb0&#8243;]<\/p>\n<div class=\"cky-audit-table-element\"><\/div>\n<p>[\/et_pb_code][\/et_pb_column][\/et_pb_row][et_pb_row column_structure=\u00bb1_3,2_3&#8243; _builder_version=\u00bb4.21.0&#8243; _module_preset=\u00bbdefault\u00bb global_colors_info=\u00bb{}\u00bb][et_pb_column type=\u00bb1_3&#8243; _builder_version=\u00bb4.21.0&#8243; _module_preset=\u00bbdefault\u00bb global_colors_info=\u00bb{}\u00bb][et_pb_text _builder_version=\u00bb4.21.0&#8243; _module_preset=\u00bbdefault\u00bb global_colors_info=\u00bb{}\u00bb]<\/p>\n<h4>5. \u00bfC\u00d3MO DESACTIVAR LAS COOKIES?<\/h4>\n<p>[\/et_pb_text][\/et_pb_column][et_pb_column type=\u00bb2_3&#8243; _builder_version=\u00bb4.21.0&#8243; _module_preset=\u00bbdefault\u00bb global_colors_info=\u00bb{}\u00bb][et_pb_text _builder_version=\u00bb4.21.0&#8243; _module_preset=\u00bbdefault\u00bb global_colors_info=\u00bb{}\u00bb]<\/p>\n<p style=\"text-align: justify;\">Puede permitir, bloquear o eliminar las cookies instaladas en su equipo mediante la configuraci\u00f3n de las opciones del navegador instalado en su ordenador.<\/p>\n<p>Firefox:<span> <\/span><a href=\"https:\/\/support.mozilla.org\/es\/kb\/habilitar-y-deshabilitar-cookies-sitios-web-rastrear-preferencias?%20edirectlocale=es&amp;redirectslug=habilitar-y-deshabilitar-cookies-que-los-sitios-web\">https:\/\/support.mozilla.org\/es\/kb\/habilitar-y-deshabilitar-cookies-sitios-web-rastrear-preferencias? edirectlocale=es&amp;redirectslug=habilitar-y-deshabilitar-cookies-que-los-sitios-web<\/a><\/p>\n<p>Chrome:<span> <\/span><a href=\"https:\/\/support.google.com\/chrome\/answer\/95647?hl=es\">https:\/\/support.google.com\/chrome\/answer\/95647?hl=es<\/a><\/p>\n<p>Internet Explorer:<span> <\/span><a href=\"https:\/\/support.microsoft.com\/es-es\/products\/windows?os=windows-10\">https:\/\/support.microsoft.com\/es-es\/products\/windows?os=windows-10<\/a><\/p>\n<p>Safari:<span> <\/span><a href=\"https:\/\/support.apple.com\/kb\/ph5042?locale=es_ES\">https:\/\/support.apple.com\/kb\/ph5042?locale=es_ES<\/a><\/p>\n<p>Safari para iOS:<span> <\/span><a href=\"https:\/\/support.apple.com\/es-es\/HT201265\">https:\/\/support.apple.com\/es-es\/HT201265<\/a><\/p>\n<p>Opera:<span> <\/span><a href=\"http:\/\/help.opera.com\/Windows\/11.50\/es-ES\/cookies.html\">http:\/\/help.opera.com\/Windows\/11.50\/es-ES\/cookies.html<\/a><\/p>\n<p>[\/et_pb_text][\/et_pb_column][\/et_pb_row][et_pb_row column_structure=\u00bb1_3,2_3&#8243; _builder_version=\u00bb4.21.0&#8243; _module_preset=\u00bbdefault\u00bb global_colors_info=\u00bb{}\u00bb][et_pb_column type=\u00bb1_3&#8243; _builder_version=\u00bb4.21.0&#8243; _module_preset=\u00bbdefault\u00bb global_colors_info=\u00bb{}\u00bb][et_pb_text _builder_version=\u00bb4.21.0&#8243; _module_preset=\u00bbdefault\u00bb global_colors_info=\u00bb{}\u00bb]<\/p>\n<h4>6. EJERCICIO DE DERECHOS<\/h4>\n<p>[\/et_pb_text][\/et_pb_column][et_pb_column type=\u00bb2_3&#8243; _builder_version=\u00bb4.21.0&#8243; _module_preset=\u00bbdefault\u00bb global_colors_info=\u00bb{}\u00bb][et_pb_text _builder_version=\u00bb4.21.0&#8243; _module_preset=\u00bbdefault\u00bb global_colors_info=\u00bb{}\u00bb]<\/p>\n<p style=\"text-align: justify;\">Puede conocer y ejercer sus derechos en materia de protecci\u00f3n de datos accediendo a nuestra pol\u00edtica de privacidad.<\/p>\n<p>[\/et_pb_text][\/et_pb_column][\/et_pb_row][et_pb_row column_structure=\u00bb1_3,2_3&#8243; _builder_version=\u00bb4.21.0&#8243; _module_preset=\u00bbdefault\u00bb global_colors_info=\u00bb{}\u00bb][et_pb_column type=\u00bb1_3&#8243; _builder_version=\u00bb4.21.0&#8243; _module_preset=\u00bbdefault\u00bb global_colors_info=\u00bb{}\u00bb][et_pb_text _builder_version=\u00bb4.21.0&#8243; _module_preset=\u00bbdefault\u00bb global_colors_info=\u00bb{}\u00bb]<\/p>\n<h4>7. INFORMACI\u00d3N ADICIONAL<\/h4>\n<p>[\/et_pb_text][\/et_pb_column][et_pb_column type=\u00bb2_3&#8243; _builder_version=\u00bb4.21.0&#8243; _module_preset=\u00bbdefault\u00bb global_colors_info=\u00bb{}\u00bb][et_pb_text _builder_version=\u00bb4.21.0&#8243; _module_preset=\u00bbdefault\u00bb global_colors_info=\u00bb{}\u00bb]<\/p>\n<p style=\"text-align: justify;\">Puede consultar m\u00e1s informaci\u00f3n en la gu\u00eda sobre el uso de las cookies editada por la AEPD en el siguiente enlace: <a href=\"https:\/\/www.aepd.es\/es\/documento\/guia-cookies.pdf\">https:\/\/www.aepd.es\/es\/documento\/guia-cookies.pdf<\/a><\/p>\n<p>[\/et_pb_text][\/et_pb_column][\/et_pb_row][\/et_pb_section]<\/p>\n","protected":false},"excerpt":{"rendered":"<p>1. ANTECEDENTESConforme a la normativa espa\u00f1ola que regula el uso de cookies en relaci\u00f3n a la prestaci\u00f3n de servicios de comunicaciones electr\u00f3nicas, recogida en el Real Decreto Ley 13\/2012 de 30 de marzo, le informamos sobre las cookies utilizadas en el sitio web de jbarquitectura.cat ( tambi\u00e9n el prestamista) y el motivo de su uso. [&hellip;]<\/p>\n","protected":false},"author":1,"featured_media":0,"parent":0,"menu_order":0,"comment_status":"closed","ping_status":"closed","template":"","meta":{"_et_pb_use_builder":"on","_et_pb_old_content":"","_et_gb_content_width":"","inline_featured_image":false,"footnotes":""},"class_list":["post-1097","page","type-page","status-publish","hentry"],"yoast_head":"<!-- This site is optimized with the Yoast SEO plugin v24.8.1 - https:\/\/yoast.com\/wordpress\/plugins\/seo\/ -->\n<title>Pol\u00edtica de Cookies - JB Arquitectura<\/title>\n<meta name=\"robots\" content=\"noindex, follow\" \/>\n<meta property=\"og:locale\" content=\"es_ES\" \/>\n<meta property=\"og:type\" content=\"article\" \/>\n<meta property=\"og:title\" content=\"Pol\u00edtica de Cookies - JB Arquitectura\" \/>\n<meta property=\"og:description\" content=\"1. ANTECEDENTESConforme a la normativa espa\u00f1ola que regula el uso de cookies en relaci\u00f3n a la prestaci\u00f3n de servicios de comunicaciones electr\u00f3nicas, recogida en el Real Decreto Ley 13\/2012 de 30 de marzo, le informamos sobre las cookies utilizadas en el sitio web de jbarquitectura.cat ( tambi\u00e9n el prestamista) y el motivo de su uso. [&hellip;]\" \/>\n<meta property=\"og:url\" content=\"https:\/\/jbarquitectura.cat\/es\/politica-de-cookies\/\" \/>\n<meta property=\"og:site_name\" content=\"JB Arquitectura\" \/>\n<meta property=\"article:modified_time\" content=\"2023-11-03T18:15:36+00:00\" \/>\n<meta name=\"twitter:card\" content=\"summary_large_image\" \/>\n<meta name=\"twitter:label1\" content=\"Tiempo de lectura\" \/>\n\t<meta name=\"twitter:data1\" content=\"7 minutos\" \/>\n<script type=\"application\/ld+json\" class=\"yoast-schema-graph\">{\"@context\":\"https:\/\/schema.org\",\"@graph\":[{\"@type\":\"WebPage\",\"@id\":\"https:\/\/jbarquitectura.cat\/es\/politica-de-cookies\/\",\"url\":\"https:\/\/jbarquitectura.cat\/es\/politica-de-cookies\/\",\"name\":\"Pol\u00edtica de Cookies - JB Arquitectura\",\"isPartOf\":{\"@id\":\"https:\/\/jbarquitectura.cat\/es\/#website\"},\"datePublished\":\"2023-05-12T17:22:31+00:00\",\"dateModified\":\"2023-11-03T18:15:36+00:00\",\"breadcrumb\":{\"@id\":\"https:\/\/jbarquitectura.cat\/es\/politica-de-cookies\/#breadcrumb\"},\"inLanguage\":\"es\",\"potentialAction\":[{\"@type\":\"ReadAction\",\"target\":[\"https:\/\/jbarquitectura.cat\/es\/politica-de-cookies\/\"]}]},{\"@type\":\"BreadcrumbList\",\"@id\":\"https:\/\/jbarquitectura.cat\/es\/politica-de-cookies\/#breadcrumb\",\"itemListElement\":[{\"@type\":\"ListItem\",\"position\":1,\"name\":\"Inici\",\"item\":\"https:\/\/jbarquitectura.cat\/es\/\"},{\"@type\":\"ListItem\",\"position\":2,\"name\":\"Pol\u00edtica de Cookies\"}]},{\"@type\":\"WebSite\",\"@id\":\"https:\/\/jbarquitectura.cat\/es\/#website\",\"url\":\"https:\/\/jbarquitectura.cat\/es\/\",\"name\":\"JB Arquitectura\",\"description\":\"\",\"publisher\":{\"@id\":\"https:\/\/jbarquitectura.cat\/es\/#organization\"},\"potentialAction\":[{\"@type\":\"SearchAction\",\"target\":{\"@type\":\"EntryPoint\",\"urlTemplate\":\"https:\/\/jbarquitectura.cat\/es\/?s={search_term_string}\"},\"query-input\":{\"@type\":\"PropertyValueSpecification\",\"valueRequired\":true,\"valueName\":\"search_term_string\"}}],\"inLanguage\":\"es\"},{\"@type\":\"Organization\",\"@id\":\"https:\/\/jbarquitectura.cat\/es\/#organization\",\"name\":\"JB Arquitectura\",\"url\":\"https:\/\/jbarquitectura.cat\/es\/\",\"logo\":{\"@type\":\"ImageObject\",\"inLanguage\":\"es\",\"@id\":\"https:\/\/jbarquitectura.cat\/es\/#\/schema\/logo\/image\/\",\"url\":\"http:\/\/jbarquitectura.cat\/wp-content\/uploads\/2023\/05\/JBarquitectura_2.svg\",\"contentUrl\":\"http:\/\/jbarquitectura.cat\/wp-content\/uploads\/2023\/05\/JBarquitectura_2.svg\",\"width\":300,\"height\":53,\"caption\":\"JB Arquitectura\"},\"image\":{\"@id\":\"https:\/\/jbarquitectura.cat\/es\/#\/schema\/logo\/image\/\"}}]}<\/script>\n<!-- \/ Yoast SEO plugin. -->","yoast_head_json":{"title":"Pol\u00edtica de Cookies - JB Arquitectura","robots":{"index":"noindex","follow":"follow"},"og_locale":"es_ES","og_type":"article","og_title":"Pol\u00edtica de Cookies - JB Arquitectura","og_description":"1. ANTECEDENTESConforme a la normativa espa\u00f1ola que regula el uso de cookies en relaci\u00f3n a la prestaci\u00f3n de servicios de comunicaciones electr\u00f3nicas, recogida en el Real Decreto Ley 13\/2012 de 30 de marzo, le informamos sobre las cookies utilizadas en el sitio web de jbarquitectura.cat ( tambi\u00e9n el prestamista) y el motivo de su uso. [&hellip;]","og_url":"https:\/\/jbarquitectura.cat\/es\/politica-de-cookies\/","og_site_name":"JB Arquitectura","article_modified_time":"2023-11-03T18:15:36+00:00","twitter_card":"summary_large_image","twitter_misc":{"Tiempo de lectura":"7 minutos"},"schema":{"@context":"https:\/\/schema.org","@graph":[{"@type":"WebPage","@id":"https:\/\/jbarquitectura.cat\/es\/politica-de-cookies\/","url":"https:\/\/jbarquitectura.cat\/es\/politica-de-cookies\/","name":"Pol\u00edtica de Cookies - JB Arquitectura","isPartOf":{"@id":"https:\/\/jbarquitectura.cat\/es\/#website"},"datePublished":"2023-05-12T17:22:31+00:00","dateModified":"2023-11-03T18:15:36+00:00","breadcrumb":{"@id":"https:\/\/jbarquitectura.cat\/es\/politica-de-cookies\/#breadcrumb"},"inLanguage":"es","potentialAction":[{"@type":"ReadAction","target":["https:\/\/jbarquitectura.cat\/es\/politica-de-cookies\/"]}]},{"@type":"BreadcrumbList","@id":"https:\/\/jbarquitectura.cat\/es\/politica-de-cookies\/#breadcrumb","itemListElement":[{"@type":"ListItem","position":1,"name":"Inici","item":"https:\/\/jbarquitectura.cat\/es\/"},{"@type":"ListItem","position":2,"name":"Pol\u00edtica de Cookies"}]},{"@type":"WebSite","@id":"https:\/\/jbarquitectura.cat\/es\/#website","url":"https:\/\/jbarquitectura.cat\/es\/","name":"JB Arquitectura","description":"","publisher":{"@id":"https:\/\/jbarquitectura.cat\/es\/#organization"},"potentialAction":[{"@type":"SearchAction","target":{"@type":"EntryPoint","urlTemplate":"https:\/\/jbarquitectura.cat\/es\/?s={search_term_string}"},"query-input":{"@type":"PropertyValueSpecification","valueRequired":true,"valueName":"search_term_string"}}],"inLanguage":"es"},{"@type":"Organization","@id":"https:\/\/jbarquitectura.cat\/es\/#organization","name":"JB Arquitectura","url":"https:\/\/jbarquitectura.cat\/es\/","logo":{"@type":"ImageObject","inLanguage":"es","@id":"https:\/\/jbarquitectura.cat\/es\/#\/schema\/logo\/image\/","url":"http:\/\/jbarquitectura.cat\/wp-content\/uploads\/2023\/05\/JBarquitectura_2.svg","contentUrl":"http:\/\/jbarquitectura.cat\/wp-content\/uploads\/2023\/05\/JBarquitectura_2.svg","width":300,"height":53,"caption":"JB Arquitectura"},"image":{"@id":"https:\/\/jbarquitectura.cat\/es\/#\/schema\/logo\/image\/"}}]}},"_links":{"self":[{"href":"https:\/\/jbarquitectura.cat\/es\/wp-json\/wp\/v2\/pages\/1097","targetHints":{"allow":["GET"]}}],"collection":[{"href":"https:\/\/jbarquitectura.cat\/es\/wp-json\/wp\/v2\/pages"}],"about":[{"href":"https:\/\/jbarquitectura.cat\/es\/wp-json\/wp\/v2\/types\/page"}],"author":[{"embeddable":true,"href":"https:\/\/jbarquitectura.cat\/es\/wp-json\/wp\/v2\/users\/1"}],"replies":[{"embeddable":true,"href":"https:\/\/jbarquitectura.cat\/es\/wp-json\/wp\/v2\/comments?post=1097"}],"version-history":[{"count":3,"href":"https:\/\/jbarquitectura.cat\/es\/wp-json\/wp\/v2\/pages\/1097\/revisions"}],"predecessor-version":[{"id":1125,"href":"https:\/\/jbarquitectura.cat\/es\/wp-json\/wp\/v2\/pages\/1097\/revisions\/1125"}],"wp:attachment":[{"href":"https:\/\/jbarquitectura.cat\/es\/wp-json\/wp\/v2\/media?parent=1097"}],"curies":[{"name":"wp","href":"https:\/\/api.w.org\/{rel}","templated":true}]}}