{"id":974,"date":"2023-05-02T17:41:48","date_gmt":"2023-05-02T15:41:48","guid":{"rendered":"http:\/\/jbarquitectura.cat\/amitges\/"},"modified":"2023-11-02T20:19:12","modified_gmt":"2023-11-02T18:19:12","slug":"amitges","status":"publish","type":"page","link":"https:\/\/jbarquitectura.cat\/es\/amitges\/","title":{"rendered":"Amitges"},"content":{"rendered":"<p>[et_pb_section fb_built=\u00bb1&#8243; fullwidth=\u00bbon\u00bb _builder_version=\u00bb4.21.0&#8243; _module_preset=\u00bbdefault\u00bb background_color=\u00bb#58657D\u00bb background_image=\u00bbhttp:\/\/jbarquitectura.cat\/wp-content\/uploads\/2023\/05\/Amitges.webp\u00bb background_blend=\u00bbmultiply\u00bb global_colors_info=\u00bb{}\u00bb][et_pb_fullwidth_post_title meta=\u00bboff\u00bb featured_image=\u00bboff\u00bb _builder_version=\u00bb4.21.0&#8243; _module_preset=\u00bbdefault\u00bb title_text_align=\u00bbcenter\u00bb title_text_color=\u00bb#FFFFFF\u00bb title_font_size=\u00bb34px\u00bb background_enable_color=\u00bboff\u00bb min_height=\u00bb300px\u00bb height=\u00bb300px\u00bb global_colors_info=\u00bb{}\u00bb][\/et_pb_fullwidth_post_title][\/et_pb_section][et_pb_section fb_built=\u00bb1&#8243; _builder_version=\u00bb4.21.0&#8243; _module_preset=\u00bbdefault\u00bb global_colors_info=\u00bb{}\u00bb][et_pb_row column_structure=\u00bb1_4,3_4&#8243; _builder_version=\u00bb4.21.0&#8243; _module_preset=\u00bbdefault\u00bb global_colors_info=\u00bb{}\u00bb][et_pb_column type=\u00bb1_4&#8243; _builder_version=\u00bb4.21.0&#8243; _module_preset=\u00bbdefault\u00bb global_colors_info=\u00bb{}\u00bb][et_pb_text _builder_version=\u00bb4.23&#8243; _module_preset=\u00bbdefault\u00bb hover_enabled=\u00bb0&#8243; global_colors_info=\u00bb{}\u00bb sticky_enabled=\u00bb0&#8243;]<\/p>\n<h2 style=\"text-align: left;\">Ampliaci\u00f3n con madera<\/h2>\n<p>[\/et_pb_text][et_pb_divider color=\u00bb#B53C17&#8243; divider_weight=\u00bb3px\u00bb _builder_version=\u00bb4.21.0&#8243; _module_preset=\u00bbdefault\u00bb width=\u00bb30px\u00bb module_alignment=\u00bbleft\u00bb custom_margin=\u00bb-30px||||false|false\u00bb global_colors_info=\u00bb{}\u00bb][\/et_pb_divider][et_pb_text _builder_version=\u00bb4.21.0&#8243; _module_preset=\u00bbdefault\u00bb global_colors_info=\u00bb{}\u00bb]<\/p>\n<p>Ampliaci\u00f3n interior de un altillo por habitaciones de los guardas, hecha con madera, en el refugio del Parque Nacional de Aig\u00fcestortes y Estany de Sant Maurici.<\/p>\n<p>[\/et_pb_text][\/et_pb_column][et_pb_column type=\u00bb3_4&#8243; _builder_version=\u00bb4.21.0&#8243; _module_preset=\u00bbdefault\u00bb global_colors_info=\u00bb{}\u00bb][et_pb_image src=\u00bbhttp:\/\/jbarquitectura.cat\/wp-content\/uploads\/2023\/05\/Amitges.webp\u00bb alt=\u00bbAmitges\u00bb title_text=\u00bbAmitges\u00bb show_in_lightbox=\u00bbon\u00bb _builder_version=\u00bb4.21.0&#8243; _module_preset=\u00bbdefault\u00bb global_colors_info=\u00bb{}\u00bb][\/et_pb_image][\/et_pb_column][\/et_pb_row][\/et_pb_section]<\/p>\n","protected":false},"excerpt":{"rendered":"<p>Ampliaci\u00f3n con maderaAmpliaci\u00f3n interior de un altillo por habitaciones de los guardas, hecha con madera, en el refugio del Parque Nacional de Aig\u00fcestortes y Estany de Sant Maurici.<\/p>\n","protected":false},"author":1,"featured_media":0,"parent":0,"menu_order":0,"comment_status":"closed","ping_status":"closed","template":"","meta":{"_et_pb_use_builder":"on","_et_pb_old_content":"","_et_gb_content_width":"","inline_featured_image":false,"footnotes":""},"class_list":["post-974","page","type-page","status-publish","hentry"],"yoast_head":"<!-- This site is optimized with the Yoast SEO plugin v24.8.1 - https:\/\/yoast.com\/wordpress\/plugins\/seo\/ -->\n<title>Amitges - JB Arquitectura<\/title>\n<meta name=\"robots\" content=\"index, follow, max-snippet:-1, max-image-preview:large, max-video-preview:-1\" \/>\n<link rel=\"canonical\" href=\"https:\/\/jbarquitectura.cat\/es\/amitges\/\" \/>\n<meta property=\"og:locale\" content=\"es_ES\" \/>\n<meta property=\"og:type\" content=\"article\" \/>\n<meta property=\"og:title\" content=\"Amitges - JB Arquitectura\" \/>\n<meta property=\"og:description\" content=\"Ampliaci\u00f3n con maderaAmpliaci\u00f3n interior de un altillo por habitaciones de los guardas, hecha con madera, en el refugio del Parque Nacional de Aig\u00fcestortes y Estany de Sant Maurici.\" \/>\n<meta property=\"og:url\" content=\"https:\/\/jbarquitectura.cat\/es\/amitges\/\" \/>\n<meta property=\"og:site_name\" content=\"JB Arquitectura\" \/>\n<meta property=\"article:modified_time\" content=\"2023-11-02T18:19:12+00:00\" \/>\n<meta name=\"twitter:card\" content=\"summary_large_image\" \/>\n<meta name=\"twitter:label1\" content=\"Tiempo de lectura\" \/>\n\t<meta name=\"twitter:data1\" content=\"1 minuto\" \/>\n<script type=\"application\/ld+json\" class=\"yoast-schema-graph\">{\"@context\":\"https:\/\/schema.org\",\"@graph\":[{\"@type\":\"WebPage\",\"@id\":\"https:\/\/jbarquitectura.cat\/es\/amitges\/\",\"url\":\"https:\/\/jbarquitectura.cat\/es\/amitges\/\",\"name\":\"Amitges - JB Arquitectura\",\"isPartOf\":{\"@id\":\"https:\/\/jbarquitectura.cat\/es\/#website\"},\"datePublished\":\"2023-05-02T15:41:48+00:00\",\"dateModified\":\"2023-11-02T18:19:12+00:00\",\"breadcrumb\":{\"@id\":\"https:\/\/jbarquitectura.cat\/es\/amitges\/#breadcrumb\"},\"inLanguage\":\"es\",\"potentialAction\":[{\"@type\":\"ReadAction\",\"target\":[\"https:\/\/jbarquitectura.cat\/es\/amitges\/\"]}]},{\"@type\":\"BreadcrumbList\",\"@id\":\"https:\/\/jbarquitectura.cat\/es\/amitges\/#breadcrumb\",\"itemListElement\":[{\"@type\":\"ListItem\",\"position\":1,\"name\":\"Inici\",\"item\":\"https:\/\/jbarquitectura.cat\/es\/\"},{\"@type\":\"ListItem\",\"position\":2,\"name\":\"Amitges\"}]},{\"@type\":\"WebSite\",\"@id\":\"https:\/\/jbarquitectura.cat\/es\/#website\",\"url\":\"https:\/\/jbarquitectura.cat\/es\/\",\"name\":\"JB Arquitectura\",\"description\":\"\",\"publisher\":{\"@id\":\"https:\/\/jbarquitectura.cat\/es\/#organization\"},\"potentialAction\":[{\"@type\":\"SearchAction\",\"target\":{\"@type\":\"EntryPoint\",\"urlTemplate\":\"https:\/\/jbarquitectura.cat\/es\/?s={search_term_string}\"},\"query-input\":{\"@type\":\"PropertyValueSpecification\",\"valueRequired\":true,\"valueName\":\"search_term_string\"}}],\"inLanguage\":\"es\"},{\"@type\":\"Organization\",\"@id\":\"https:\/\/jbarquitectura.cat\/es\/#organization\",\"name\":\"JB Arquitectura\",\"url\":\"https:\/\/jbarquitectura.cat\/es\/\",\"logo\":{\"@type\":\"ImageObject\",\"inLanguage\":\"es\",\"@id\":\"https:\/\/jbarquitectura.cat\/es\/#\/schema\/logo\/image\/\",\"url\":\"http:\/\/jbarquitectura.cat\/wp-content\/uploads\/2023\/05\/JBarquitectura_2.svg\",\"contentUrl\":\"http:\/\/jbarquitectura.cat\/wp-content\/uploads\/2023\/05\/JBarquitectura_2.svg\",\"width\":300,\"height\":53,\"caption\":\"JB Arquitectura\"},\"image\":{\"@id\":\"https:\/\/jbarquitectura.cat\/es\/#\/schema\/logo\/image\/\"}}]}<\/script>\n<!-- \/ Yoast SEO plugin. -->","yoast_head_json":{"title":"Amitges - JB Arquitectura","robots":{"index":"index","follow":"follow","max-snippet":"max-snippet:-1","max-image-preview":"max-image-preview:large","max-video-preview":"max-video-preview:-1"},"canonical":"https:\/\/jbarquitectura.cat\/es\/amitges\/","og_locale":"es_ES","og_type":"article","og_title":"Amitges - JB Arquitectura","og_description":"Ampliaci\u00f3n con maderaAmpliaci\u00f3n interior de un altillo por habitaciones de los guardas, hecha con madera, en el refugio del Parque Nacional de Aig\u00fcestortes y Estany de Sant Maurici.","og_url":"https:\/\/jbarquitectura.cat\/es\/amitges\/","og_site_name":"JB Arquitectura","article_modified_time":"2023-11-02T18:19:12+00:00","twitter_card":"summary_large_image","twitter_misc":{"Tiempo de lectura":"1 minuto"},"schema":{"@context":"https:\/\/schema.org","@graph":[{"@type":"WebPage","@id":"https:\/\/jbarquitectura.cat\/es\/amitges\/","url":"https:\/\/jbarquitectura.cat\/es\/amitges\/","name":"Amitges - JB Arquitectura","isPartOf":{"@id":"https:\/\/jbarquitectura.cat\/es\/#website"},"datePublished":"2023-05-02T15:41:48+00:00","dateModified":"2023-11-02T18:19:12+00:00","breadcrumb":{"@id":"https:\/\/jbarquitectura.cat\/es\/amitges\/#breadcrumb"},"inLanguage":"es","potentialAction":[{"@type":"ReadAction","target":["https:\/\/jbarquitectura.cat\/es\/amitges\/"]}]},{"@type":"BreadcrumbList","@id":"https:\/\/jbarquitectura.cat\/es\/amitges\/#breadcrumb","itemListElement":[{"@type":"ListItem","position":1,"name":"Inici","item":"https:\/\/jbarquitectura.cat\/es\/"},{"@type":"ListItem","position":2,"name":"Amitges"}]},{"@type":"WebSite","@id":"https:\/\/jbarquitectura.cat\/es\/#website","url":"https:\/\/jbarquitectura.cat\/es\/","name":"JB Arquitectura","description":"","publisher":{"@id":"https:\/\/jbarquitectura.cat\/es\/#organization"},"potentialAction":[{"@type":"SearchAction","target":{"@type":"EntryPoint","urlTemplate":"https:\/\/jbarquitectura.cat\/es\/?s={search_term_string}"},"query-input":{"@type":"PropertyValueSpecification","valueRequired":true,"valueName":"search_term_string"}}],"inLanguage":"es"},{"@type":"Organization","@id":"https:\/\/jbarquitectura.cat\/es\/#organization","name":"JB Arquitectura","url":"https:\/\/jbarquitectura.cat\/es\/","logo":{"@type":"ImageObject","inLanguage":"es","@id":"https:\/\/jbarquitectura.cat\/es\/#\/schema\/logo\/image\/","url":"http:\/\/jbarquitectura.cat\/wp-content\/uploads\/2023\/05\/JBarquitectura_2.svg","contentUrl":"http:\/\/jbarquitectura.cat\/wp-content\/uploads\/2023\/05\/JBarquitectura_2.svg","width":300,"height":53,"caption":"JB Arquitectura"},"image":{"@id":"https:\/\/jbarquitectura.cat\/es\/#\/schema\/logo\/image\/"}}]}},"_links":{"self":[{"href":"https:\/\/jbarquitectura.cat\/es\/wp-json\/wp\/v2\/pages\/974","targetHints":{"allow":["GET"]}}],"collection":[{"href":"https:\/\/jbarquitectura.cat\/es\/wp-json\/wp\/v2\/pages"}],"about":[{"href":"https:\/\/jbarquitectura.cat\/es\/wp-json\/wp\/v2\/types\/page"}],"author":[{"embeddable":true,"href":"https:\/\/jbarquitectura.cat\/es\/wp-json\/wp\/v2\/users\/1"}],"replies":[{"embeddable":true,"href":"https:\/\/jbarquitectura.cat\/es\/wp-json\/wp\/v2\/comments?post=974"}],"version-history":[{"count":2,"href":"https:\/\/jbarquitectura.cat\/es\/wp-json\/wp\/v2\/pages\/974\/revisions"}],"predecessor-version":[{"id":976,"href":"https:\/\/jbarquitectura.cat\/es\/wp-json\/wp\/v2\/pages\/974\/revisions\/976"}],"wp:attachment":[{"href":"https:\/\/jbarquitectura.cat\/es\/wp-json\/wp\/v2\/media?parent=974"}],"curies":[{"name":"wp","href":"https:\/\/api.w.org\/{rel}","templated":true}]}}