{"id":996,"date":"2023-05-04T09:45:36","date_gmt":"2023-05-04T07:45:36","guid":{"rendered":"http:\/\/jbarquitectura.cat\/casa-corbera\/"},"modified":"2023-11-02T20:28:26","modified_gmt":"2023-11-02T18:28:26","slug":"casa-corbera","status":"publish","type":"page","link":"https:\/\/jbarquitectura.cat\/es\/casa-corbera\/","title":{"rendered":"Casa Corbera"},"content":{"rendered":"<p>[et_pb_section fb_built=\u00bb1&#8243; fullwidth=\u00bbon\u00bb _builder_version=\u00bb4.21.0&#8243; _module_preset=\u00bbdefault\u00bb background_color=\u00bb#58657D\u00bb background_image=\u00bbhttp:\/\/jbarquitectura.cat\/wp-content\/uploads\/2023\/05\/corbera_39.webp\u00bb background_blend=\u00bbmultiply\u00bb global_colors_info=\u00bb{}\u00bb][et_pb_fullwidth_post_title meta=\u00bboff\u00bb featured_image=\u00bboff\u00bb _builder_version=\u00bb4.21.0&#8243; _module_preset=\u00bbdefault\u00bb title_text_align=\u00bbcenter\u00bb title_text_color=\u00bb#FFFFFF\u00bb title_font_size=\u00bb34px\u00bb background_enable_color=\u00bboff\u00bb min_height=\u00bb300px\u00bb height=\u00bb300px\u00bb global_colors_info=\u00bb{}\u00bb][\/et_pb_fullwidth_post_title][\/et_pb_section][et_pb_section fb_built=\u00bb1&#8243; _builder_version=\u00bb4.21.0&#8243; _module_preset=\u00bbdefault\u00bb global_colors_info=\u00bb{}\u00bb][et_pb_row column_structure=\u00bb1_4,3_4&#8243; _builder_version=\u00bb4.21.0&#8243; _module_preset=\u00bbdefault\u00bb global_colors_info=\u00bb{}\u00bb][et_pb_column type=\u00bb1_4&#8243; _builder_version=\u00bb4.21.0&#8243; _module_preset=\u00bbdefault\u00bb global_colors_info=\u00bb{}\u00bb][et_pb_text _builder_version=\u00bb4.23&#8243; _module_preset=\u00bbdefault\u00bb hover_enabled=\u00bb0&#8243; global_colors_info=\u00bb{}\u00bb sticky_enabled=\u00bb0&#8243;]<\/p>\n<h2 style=\"text-align: left;\">Vivienda de lujo<\/h2>\n<p>[\/et_pb_text][et_pb_divider color=\u00bb#B53C17&#8243; divider_weight=\u00bb3px\u00bb _builder_version=\u00bb4.21.0&#8243; _module_preset=\u00bbdefault\u00bb width=\u00bb30px\u00bb module_alignment=\u00bbleft\u00bb custom_margin=\u00bb-30px||||false|false\u00bb global_colors_info=\u00bb{}\u00bb][\/et_pb_divider][et_pb_text _builder_version=\u00bb4.21.0&#8243; _module_preset=\u00bbdefault\u00bb global_colors_info=\u00bb{}\u00bb]Nueva construcci\u00f3n de vivienda de lujo con gran s\u00f3tano de 5 plazas de aparcamiento, sauna, 4 habitaciones, piscina, hecha con estructura de acero, hormig\u00f3n y madera. A Corbera de Llobregat.[\/et_pb_text][\/et_pb_column][et_pb_column type=\u00bb3_4&#8243; _builder_version=\u00bb4.21.0&#8243; _module_preset=\u00bbdefault\u00bb global_colors_info=\u00bb{}\u00bb][et_pb_gallery gallery_ids=\u00bb802,765,769,804,792,803,795,766,767,768,770,773,774,775,776,777,778,779,780,781,791,782,783,784,785,786,787,788,789,790,772,771,805,806,807,809,808,814,813,810,811,812,801,815,793,794,796,797,798,799,800,816&#8243; posts_number=\u00bb60&#8243; dbdb_version=\u00bb4.3.4&#8243; show_title_and_caption=\u00bboff\u00bb show_pagination=\u00bboff\u00bb zoom_icon_color=\u00bb#FFFFFF\u00bb hover_overlay_color=\u00bbrgba(88,101,125,0.5)\u00bb hover_icon=\u00bb\uf06e||fa||400&#8243; _builder_version=\u00bb4.21.0&#8243; _module_preset=\u00bbdefault\u00bb border_width_all=\u00bb1px\u00bb border_color_all=\u00bb#CED3E0&#8243; global_colors_info=\u00bb{}\u00bb][\/et_pb_gallery][\/et_pb_column][\/et_pb_row][\/et_pb_section]<\/p>\n","protected":false},"excerpt":{"rendered":"<p>Vivienda de lujoNueva construcci\u00f3n de vivienda de lujo con gran s\u00f3tano de 5 plazas de aparcamiento, sauna, 4 habitaciones, piscina, hecha con estructura de acero, hormig\u00f3n y madera. A Corbera de Llobregat.<\/p>\n","protected":false},"author":1,"featured_media":0,"parent":0,"menu_order":0,"comment_status":"closed","ping_status":"closed","template":"","meta":{"_et_pb_use_builder":"on","_et_pb_old_content":"","_et_gb_content_width":"","inline_featured_image":false,"footnotes":""},"class_list":["post-996","page","type-page","status-publish","hentry"],"yoast_head":"<!-- This site is optimized with the Yoast SEO plugin v24.8.1 - https:\/\/yoast.com\/wordpress\/plugins\/seo\/ -->\n<title>Casa Corbera - JB Arquitectura<\/title>\n<meta name=\"robots\" content=\"index, follow, max-snippet:-1, max-image-preview:large, max-video-preview:-1\" \/>\n<link rel=\"canonical\" href=\"https:\/\/jbarquitectura.cat\/es\/casa-corbera\/\" \/>\n<meta property=\"og:locale\" content=\"es_ES\" \/>\n<meta property=\"og:type\" content=\"article\" \/>\n<meta property=\"og:title\" content=\"Casa Corbera - JB Arquitectura\" \/>\n<meta property=\"og:description\" content=\"Vivienda de lujoNueva construcci\u00f3n de vivienda de lujo con gran s\u00f3tano de 5 plazas de aparcamiento, sauna, 4 habitaciones, piscina, hecha con estructura de acero, hormig\u00f3n y madera. A Corbera de Llobregat.\" \/>\n<meta property=\"og:url\" content=\"https:\/\/jbarquitectura.cat\/es\/casa-corbera\/\" \/>\n<meta property=\"og:site_name\" content=\"JB Arquitectura\" \/>\n<meta property=\"article:modified_time\" content=\"2023-11-02T18:28:26+00:00\" \/>\n<meta name=\"twitter:card\" content=\"summary_large_image\" \/>\n<meta name=\"twitter:label1\" content=\"Tiempo de lectura\" \/>\n\t<meta name=\"twitter:data1\" content=\"1 minuto\" \/>\n<script type=\"application\/ld+json\" class=\"yoast-schema-graph\">{\"@context\":\"https:\/\/schema.org\",\"@graph\":[{\"@type\":\"WebPage\",\"@id\":\"https:\/\/jbarquitectura.cat\/es\/casa-corbera\/\",\"url\":\"https:\/\/jbarquitectura.cat\/es\/casa-corbera\/\",\"name\":\"Casa Corbera - JB Arquitectura\",\"isPartOf\":{\"@id\":\"https:\/\/jbarquitectura.cat\/es\/#website\"},\"datePublished\":\"2023-05-04T07:45:36+00:00\",\"dateModified\":\"2023-11-02T18:28:26+00:00\",\"breadcrumb\":{\"@id\":\"https:\/\/jbarquitectura.cat\/es\/casa-corbera\/#breadcrumb\"},\"inLanguage\":\"es\",\"potentialAction\":[{\"@type\":\"ReadAction\",\"target\":[\"https:\/\/jbarquitectura.cat\/es\/casa-corbera\/\"]}]},{\"@type\":\"BreadcrumbList\",\"@id\":\"https:\/\/jbarquitectura.cat\/es\/casa-corbera\/#breadcrumb\",\"itemListElement\":[{\"@type\":\"ListItem\",\"position\":1,\"name\":\"Inici\",\"item\":\"https:\/\/jbarquitectura.cat\/es\/\"},{\"@type\":\"ListItem\",\"position\":2,\"name\":\"Casa Corbera\"}]},{\"@type\":\"WebSite\",\"@id\":\"https:\/\/jbarquitectura.cat\/es\/#website\",\"url\":\"https:\/\/jbarquitectura.cat\/es\/\",\"name\":\"JB Arquitectura\",\"description\":\"\",\"publisher\":{\"@id\":\"https:\/\/jbarquitectura.cat\/es\/#organization\"},\"potentialAction\":[{\"@type\":\"SearchAction\",\"target\":{\"@type\":\"EntryPoint\",\"urlTemplate\":\"https:\/\/jbarquitectura.cat\/es\/?s={search_term_string}\"},\"query-input\":{\"@type\":\"PropertyValueSpecification\",\"valueRequired\":true,\"valueName\":\"search_term_string\"}}],\"inLanguage\":\"es\"},{\"@type\":\"Organization\",\"@id\":\"https:\/\/jbarquitectura.cat\/es\/#organization\",\"name\":\"JB Arquitectura\",\"url\":\"https:\/\/jbarquitectura.cat\/es\/\",\"logo\":{\"@type\":\"ImageObject\",\"inLanguage\":\"es\",\"@id\":\"https:\/\/jbarquitectura.cat\/es\/#\/schema\/logo\/image\/\",\"url\":\"http:\/\/jbarquitectura.cat\/wp-content\/uploads\/2023\/05\/JBarquitectura_2.svg\",\"contentUrl\":\"http:\/\/jbarquitectura.cat\/wp-content\/uploads\/2023\/05\/JBarquitectura_2.svg\",\"width\":300,\"height\":53,\"caption\":\"JB Arquitectura\"},\"image\":{\"@id\":\"https:\/\/jbarquitectura.cat\/es\/#\/schema\/logo\/image\/\"}}]}<\/script>\n<!-- \/ Yoast SEO plugin. -->","yoast_head_json":{"title":"Casa Corbera - JB Arquitectura","robots":{"index":"index","follow":"follow","max-snippet":"max-snippet:-1","max-image-preview":"max-image-preview:large","max-video-preview":"max-video-preview:-1"},"canonical":"https:\/\/jbarquitectura.cat\/es\/casa-corbera\/","og_locale":"es_ES","og_type":"article","og_title":"Casa Corbera - JB Arquitectura","og_description":"Vivienda de lujoNueva construcci\u00f3n de vivienda de lujo con gran s\u00f3tano de 5 plazas de aparcamiento, sauna, 4 habitaciones, piscina, hecha con estructura de acero, hormig\u00f3n y madera. A Corbera de Llobregat.","og_url":"https:\/\/jbarquitectura.cat\/es\/casa-corbera\/","og_site_name":"JB Arquitectura","article_modified_time":"2023-11-02T18:28:26+00:00","twitter_card":"summary_large_image","twitter_misc":{"Tiempo de lectura":"1 minuto"},"schema":{"@context":"https:\/\/schema.org","@graph":[{"@type":"WebPage","@id":"https:\/\/jbarquitectura.cat\/es\/casa-corbera\/","url":"https:\/\/jbarquitectura.cat\/es\/casa-corbera\/","name":"Casa Corbera - JB Arquitectura","isPartOf":{"@id":"https:\/\/jbarquitectura.cat\/es\/#website"},"datePublished":"2023-05-04T07:45:36+00:00","dateModified":"2023-11-02T18:28:26+00:00","breadcrumb":{"@id":"https:\/\/jbarquitectura.cat\/es\/casa-corbera\/#breadcrumb"},"inLanguage":"es","potentialAction":[{"@type":"ReadAction","target":["https:\/\/jbarquitectura.cat\/es\/casa-corbera\/"]}]},{"@type":"BreadcrumbList","@id":"https:\/\/jbarquitectura.cat\/es\/casa-corbera\/#breadcrumb","itemListElement":[{"@type":"ListItem","position":1,"name":"Inici","item":"https:\/\/jbarquitectura.cat\/es\/"},{"@type":"ListItem","position":2,"name":"Casa Corbera"}]},{"@type":"WebSite","@id":"https:\/\/jbarquitectura.cat\/es\/#website","url":"https:\/\/jbarquitectura.cat\/es\/","name":"JB Arquitectura","description":"","publisher":{"@id":"https:\/\/jbarquitectura.cat\/es\/#organization"},"potentialAction":[{"@type":"SearchAction","target":{"@type":"EntryPoint","urlTemplate":"https:\/\/jbarquitectura.cat\/es\/?s={search_term_string}"},"query-input":{"@type":"PropertyValueSpecification","valueRequired":true,"valueName":"search_term_string"}}],"inLanguage":"es"},{"@type":"Organization","@id":"https:\/\/jbarquitectura.cat\/es\/#organization","name":"JB Arquitectura","url":"https:\/\/jbarquitectura.cat\/es\/","logo":{"@type":"ImageObject","inLanguage":"es","@id":"https:\/\/jbarquitectura.cat\/es\/#\/schema\/logo\/image\/","url":"http:\/\/jbarquitectura.cat\/wp-content\/uploads\/2023\/05\/JBarquitectura_2.svg","contentUrl":"http:\/\/jbarquitectura.cat\/wp-content\/uploads\/2023\/05\/JBarquitectura_2.svg","width":300,"height":53,"caption":"JB Arquitectura"},"image":{"@id":"https:\/\/jbarquitectura.cat\/es\/#\/schema\/logo\/image\/"}}]}},"_links":{"self":[{"href":"https:\/\/jbarquitectura.cat\/es\/wp-json\/wp\/v2\/pages\/996","targetHints":{"allow":["GET"]}}],"collection":[{"href":"https:\/\/jbarquitectura.cat\/es\/wp-json\/wp\/v2\/pages"}],"about":[{"href":"https:\/\/jbarquitectura.cat\/es\/wp-json\/wp\/v2\/types\/page"}],"author":[{"embeddable":true,"href":"https:\/\/jbarquitectura.cat\/es\/wp-json\/wp\/v2\/users\/1"}],"replies":[{"embeddable":true,"href":"https:\/\/jbarquitectura.cat\/es\/wp-json\/wp\/v2\/comments?post=996"}],"version-history":[{"count":3,"href":"https:\/\/jbarquitectura.cat\/es\/wp-json\/wp\/v2\/pages\/996\/revisions"}],"predecessor-version":[{"id":999,"href":"https:\/\/jbarquitectura.cat\/es\/wp-json\/wp\/v2\/pages\/996\/revisions\/999"}],"wp:attachment":[{"href":"https:\/\/jbarquitectura.cat\/es\/wp-json\/wp\/v2\/media?parent=996"}],"curies":[{"name":"wp","href":"https:\/\/api.w.org\/{rel}","templated":true}]}}